{"id":30625,"date":"2023-10-08T00:26:37","date_gmt":"2023-10-08T04:26:37","guid":{"rendered":"https:\/\/appliancetechnician.ca\/?page_id=30625"},"modified":"2026-01-18T15:51:17","modified_gmt":"2026-01-18T20:51:17","slug":"contacter-un-technicien-en-electromenager","status":"publish","type":"page","link":"https:\/\/appliancetechnician.ca\/fr\/contact-appliance-technician\/","title":{"rendered":"Contactez un technicien en \u00e9lectrom\u00e9nager \u00e0 Ottawa"},"content":{"rendered":"<div id=\"fws_69d8fbf592692\"  data-br=\"20px\" data-br-applies=\"inner\" data-column-margin=\"none\" data-midnight=\"light\"  class=\"wpb_row vc_row-fluid vc_row full-width-content has-row-bg-color vc_row-o-equal-height vc_row-flex  reverse_columns_column_tablet\"  style=\"padding-top: 50px; padding-bottom: 50px; --row-bg-color: #ffffff;\"><div class=\"row-bg-wrap\" data-bg-animation=\"none\" data-bg-animation-delay=\"\" data-bg-overlay=\"false\"><div class=\"inner-wrap row-bg-layer using-image\" ><div class=\"row-bg viewport-desktop using-image using-bg-color\"  style=\"background-image: url(https:\/\/appliancetechnician.ca\/wp-content\/uploads\/2023\/12\/ottawa-gatineau-appliance-repair-company-map-1.png); background-position: left top; background-repeat: no-repeat; background-color: #ffffff; \"><\/div><\/div><\/div><div class=\"row_col_wrap_12 col span_12 light center\">\n\t<div  class=\"vc_col-sm-2 wpb_column column_container vc_column_container col centered-text no-extra-padding inherit_tablet inherit_phone flex_gap_desktop_10px\"  data-padding-pos=\"all\" data-has-bg-color=\"false\" data-bg-color=\"\" data-bg-opacity=\"1\" data-animation=\"\" data-delay=\"0\" >\n\t\t<div class=\"vc_column-inner\" >\n\t\t\t<div class=\"wpb_wrapper\">\n\t\t\t\t\n\t\t\t<\/div> \n\t\t<\/div>\n\t<\/div> \n\n\t<div style=\"\" class=\"vc_col-sm-8 wpb_column column_container vc_column_container col centered-text padding-5-percent inherit_tablet inherit_phone flex_gap_desktop_10px\" data-using-bg=\"true\" data-border-animation=\"true\" data-border-animation-delay=\"5\" data-border-width=\"2px\" data-border-style=\"solid\" data-border-color=\"#ff5d00\" data-overlay-color=\"true\" data-padding-pos=\"all\" data-has-bg-color=\"false\" data-bg-color=\"\" data-bg-opacity=\"0.9\" data-animation=\"\" data-delay=\"0\" >\n\t\t<div class=\"vc_column-inner\" style=\"border: 2px solid rgba(255,255,255,0); \"><span class=\"border-wrap\" style=\"border-color: #ff5d00;\"><span class=\"border-top\"><\/span><span class=\"border-right\"><\/span><span class=\"border-bottom\"><\/span><span class=\"border-left\"><\/span><\/span><div class=\"column-image-bg-wrap column-bg-layer viewport-desktop\" data-bg-pos=\"center center\" data-bg-animation=\"none\" data-bg-overlay=\"true\"><div class=\"inner-wrap\"><div class=\"column-image-bg\" style=\" background-image: url('https:\/\/appliancetechnician.ca\/wp-content\/uploads\/2023\/12\/ottawa-gatineau-appliance-repair-company-map-1.png'); \"><\/div><\/div><\/div><div class=\"column-bg-overlay-wrap column-bg-layer\" data-bg-animation=\"none\"><div class=\"column-bg-overlay\"><\/div><div class=\"column-overlay-layer\" style=\"background-color:rgba(0,0,0,0.74);  opacity: 0.8; \"><\/div><\/div>\n\t\t\t<div class=\"wpb_wrapper\">\n\t\t\t\t\n<div class=\"wpb_text_column wpb_content_element\" >\n\t<h2 class=\"my-2 &#091;&amp;+p&#093;:mt-4 &#091;&amp;_strong:has(+br)&#093;:inline-block &#091;&amp;_strong:has(+br)&#093;:pb-2\" style=\"text-align: center;\">R\u00e9paration d&#039;\u00e9lectrom\u00e9nagers le jour m\u00eame ou le lendemain \u00e0 Ottawa\u2013Gatineau.<br \/>\nTechniciens agr\u00e9\u00e9s et assur\u00e9s \u2013 prix transparents \u2013 garanties r\u00e9elles.<\/h2>\n<\/div>\n\n\n\n<a class=\"nectar-button large regular extra-color-1  regular-button\"  role=\"button\" style=\"\" target=\"_blank\" href=\"https:\/\/appliancetechnician.ca\/fr\/reserver-la-reparation-dun-electromenager-en-ligne\/\" data-color-override=\"false\" data-hover-color-override=\"false\" data-hover-text-color-override=\"#fff\"><span>Prendre rendez-vous<\/span><\/a>\n\t\t\t<\/div> \n\t\t<\/div>\n\t<\/div> \n\n\t<div  class=\"vc_col-sm-2 wpb_column column_container vc_column_container col no-extra-padding inherit_tablet inherit_phone flex_gap_desktop_10px\"  data-padding-pos=\"all\" data-has-bg-color=\"false\" data-bg-color=\"\" data-bg-opacity=\"1\" data-animation=\"\" data-delay=\"0\" >\n\t\t<div class=\"vc_column-inner\" >\n\t\t\t<div class=\"wpb_wrapper\">\n\t\t\t\t\n\t\t\t<\/div> \n\t\t<\/div>\n\t<\/div> \n\n\t<div style=\" color: #000000;\" class=\"vc_col-sm-12 wpb_column column_container vc_column_container col centered-text no-extra-padding inherit_tablet inherit_phone flex_gap_desktop_10px\" data-cfc=\"true\"  data-padding-pos=\"all\" data-has-bg-color=\"false\" data-bg-color=\"\" data-bg-opacity=\"1\" data-animation=\"\" data-delay=\"0\" >\n\t\t<div class=\"vc_column-inner\" >\n\t\t\t<div class=\"wpb_wrapper\">\n\t\t\t\t<div class=\"divider-wrap\" data-alignment=\"default\"><div style=\"height: 30px;\" class=\"divider\"><\/div><\/div>\n\t\t\t<\/div> \n\t\t<\/div>\n\t<\/div> \n<\/div><\/div>\n\t\t<div id=\"fws_69d8fbf592bf2\"  data-column-margin=\"default\" data-midnight=\"dark\"  class=\"wpb_row vc_row-fluid vc_row\"  style=\"padding-top: 50px; padding-bottom: 50px; \"><div class=\"row-bg-wrap\" data-bg-animation=\"none\" data-bg-animation-delay=\"\" data-bg-overlay=\"false\"><div class=\"inner-wrap row-bg-layer\" ><div class=\"row-bg viewport-desktop\"  style=\"\"><\/div><\/div><\/div><div class=\"row_col_wrap_12 col span_12 dark left\">\n\t<div  class=\"vc_col-sm-12 wpb_column column_container vc_column_container col centered-text no-extra-padding inherit_tablet inherit_phone flex_gap_desktop_10px\"  data-padding-pos=\"all\" data-has-bg-color=\"false\" data-bg-color=\"\" data-bg-opacity=\"1\" data-animation=\"\" data-delay=\"0\" >\n\t\t<div class=\"vc_column-inner\" >\n\t\t\t<div class=\"wpb_wrapper\">\n\t\t\t\t<div class=\"divider-wrap\" data-alignment=\"default\"><div style=\"height: 20px;\" class=\"divider\"><\/div><\/div>\n<div class=\"wpb_text_column wpb_content_element\" >\n\t<section class=\"cta-contact\">\n<h2>R\u00e9servez une r\u00e9paration d&#039;\u00e9lectrom\u00e9nagers \u00e0 Ottawa\u2013Gatineau<\/h2>\n<div class=\"cta-contact__grid\">\n<div class=\"cta-contact__intro\">\n<p>Depuis 2017, Appliance Technician, votre \u00e9quipe locale \u00e0 Ottawa\u2013Gatineau, vous offre un service de r\u00e9paration d&#039;\u00e9lectrom\u00e9nagers rapide et fiable. Nos techniciens certifi\u00e9s r\u00e9parent r\u00e9frig\u00e9rateurs, cong\u00e9lateurs, laveuses, s\u00e9cheuses, lave-vaisselle, fours et cuisini\u00e8res. Tarifs transparents et garanties. Nous arrivons avec les pi\u00e8ces courantes, expliquons le probl\u00e8me clairement et ne recommandons que les r\u00e9parations n\u00e9cessaires. R\u00e9servez en ligne 24 h\/24 et 7 j\/7 pour un service le jour m\u00eame ou le lendemain.\n<\/p><\/div>\n<\/div>\n<\/section>\n<\/div>\n\n\n\n\n<div class=\"wpb_text_column wpb_content_element\" >\n\t<section class=\"cta-contact\">\n<div class=\"cta-contact__grid\">\n<div class=\"cta-contact__reasons\">\n<h2>Pourquoi contacter un technicien en \u00e9lectrom\u00e9nager ?<\/h2>\n<ul class=\"checklist\">\n<li style=\"text-align: left;\"><strong>Promesse:<\/strong> Agr\u00e9\u00e9 et assur\u00e9. Tarifs transparents. Garantie sur toutes les r\u00e9parations.<\/li>\n<li style=\"text-align: left;\"><strong>Service rapide et fiable :<\/strong> Nous accordons la priorit\u00e9 \u00e0 votre temps et \u00e0 votre commodit\u00e9.<\/li>\n<li style=\"text-align: left;\"><strong>R\u00e9servation en ligne facile :<\/strong> Disponible \u00e0 tout moment : planifiez votre r\u00e9paration en quelques minutes.<\/li>\n<li style=\"text-align: left;\"><strong>Au service d&#039;Ottawa et des environs :<\/strong> <a href=\"https:\/\/appliancetechnician.ca\/fr\/\">Ottawa<\/a>, Gatineau, <a href=\"https:\/\/appliancetechnician.ca\/fr\/zones-que-nous-servons\/reparation-dappareils-kanata\/\">Kanata<\/a>, <a href=\"https:\/\/appliancetechnician.ca\/fr\/zones-que-nous-servons\/reparation-dappareils-electromenagers-a-nepean\/\">Nepean<\/a>, <a href=\"https:\/\/appliancetechnician.ca\/fr\/zones-que-nous-servons\/reparation-delectromenager-a-orleans\/\">Orl\u00e9ans<\/a>, <a href=\"https:\/\/appliancetechnician.ca\/fr\/zones-que-nous-servons\/reparation-dappareils-electromenagers-a-gloucester\/\">Gloucester<\/a>.<\/li>\n<\/ul>\n<\/div>\n<\/div>\n<p class=\"cta-contact__closing\">Des r\u00e9parations mineures aux interventions complexes, nous remettrons vos appareils en \u00e9tat de marche avec un minimum de perturbations. <a href=\"https:\/\/www.bbb.org\/ottawa\/quote\/request-appliance-technician-67263\" target=\"_blank\" rel=\"noopener\">Contacter un technicien en \u00e9lectrom\u00e9nager<\/a> Contactez-nous d\u00e8s aujourd&#039;hui pour des solutions fiables et adapt\u00e9es \u00e0 vos besoins.<\/p>\n<\/section>\n<\/div>\n\n\n\n\n<div class=\"wpb_text_column wpb_content_element\" >\n\t<h2 style=\"text-align: center;\"><strong>Pour des services de r\u00e9paration d'appareils \u00e9lectrom\u00e9nagers \u00e0 Ottawa et \u00e0 Gatineau<\/strong><\/h2>\n<\/div>\n\n\n\n\n\t<div class=\"wpb_raw_code wpb_raw_html wpb_content_element\" >\n\t\t<div class=\"wpb_wrapper\">\n\t\t\t<div class=\"at-pre-cta\" style=\"text-align:center; margin:16px 0 8px;\">\r\n  <h3 style=\"margin:0 0 6px;\">R\u00e9servez la r\u00e9paration de votre appareil en ligne \u2014 24h\/24 et 7j\/7<\/h3>\r\n  <p style=\"margin:0 0 6px;\">\r\n    Choisissez un moment qui vous convient\u00a0: la r\u00e9servation en ligne est disponible <strong>24\/7<\/strong>.Service le jour m\u00eame, si disponible. Techniciens agr\u00e9\u00e9s et assur\u00e9s.\r\n  <\/p>\r\n<\/div>\r\n<!-- On your existing button add: -->\r\n<!-- aria-label=\"Schedule appliance repair online \u2014 24\/7 booking\" -->\r\n\n\t\t<\/div>\n\t<\/div>\n<a class=\"nectar-button jumbo regular extra-color-1  regular-button\"  rel=\"nofollow noopener\" role=\"button\" style=\"\" target=\"_blank\" href=\"https:\/\/appliancetechnician.ca\/fr\/reserver-la-reparation-dun-electromenager-en-ligne\/\" data-color-override=\"false\" data-hover-color-override=\"false\" data-hover-text-color-override=\"#fff\"><span>Prendre rendez-vous<\/span><\/a><div class=\"divider-wrap\" data-alignment=\"default\"><div style=\"height: 30px;\" class=\"divider\"><\/div><\/div>\n\t\t\t<\/div> \n\t\t<\/div>\n\t<\/div> \n<\/div><\/div>\n\t\t<div id=\"fws_69d8fbf593563\"  data-column-margin=\"default\" data-midnight=\"dark\"  class=\"wpb_row vc_row-fluid vc_row full-width-content vc_row-o-equal-height vc_row-flex vc_row-o-content-middle\"  style=\"padding-top: 0px; padding-bottom: 0px; \"><div class=\"row-bg-wrap\" data-bg-animation=\"none\" data-bg-animation-delay=\"\" data-bg-overlay=\"false\"><div class=\"inner-wrap row-bg-layer\" ><div class=\"row-bg viewport-desktop\"  style=\"\"><\/div><\/div><\/div><div class=\"row_col_wrap_12 col span_12 dark center\">\n\t<div  class=\"vc_col-sm-12 wpb_column column_container vc_column_container col no-extra-padding inherit_tablet inherit_phone flex_gap_desktop_10px\"  data-padding-pos=\"all\" data-has-bg-color=\"false\" data-bg-color=\"\" data-bg-opacity=\"1\" data-animation=\"\" data-delay=\"0\" >\n\t\t<div class=\"vc_column-inner\" >\n\t\t\t<div class=\"wpb_wrapper\">\n\t\t\t\t<div class=\"divider-wrap\" data-alignment=\"default\"><div style=\"height: 30px;\" class=\"divider\"><\/div><\/div>\n<div class=\"wpb_text_column wpb_content_element\" >\n\t<p><strong>Note\u00a0: 4,8<\/strong>\u2605 par <strong>Ottawa<\/strong> <em>propri\u00e9taires<\/em> \u2013 <a href=\"https:\/\/maps.app.goo.gl\/KrpeEkc7vuRkUj527\" target=\"_blank\" rel=\"noopener\">lire les vrais avis clients<\/a><\/p>\n<\/div>\n\n\n\n\n\t\t\t<\/div> \n\t\t<\/div>\n\t<\/div> \n<\/div><\/div>\n\t\t<div id=\"fws_69d8fbf593782\"  data-column-margin=\"10px\" data-midnight=\"dark\"  class=\"wpb_row vc_row-fluid vc_row vc_row-o-full-height vc_row-o-columns-middle vc_row-o-equal-height vc_row-flex\"  style=\"padding-top: 0px; padding-bottom: 0px; \"><div class=\"row-bg-wrap\" data-bg-animation=\"none\" data-bg-animation-delay=\"\" data-bg-overlay=\"false\"><div class=\"inner-wrap row-bg-layer\" ><div class=\"row-bg viewport-desktop\"  style=\"\"><\/div><\/div><\/div><div class=\"row_col_wrap_12 col span_12 dark left\">\n\t<div  class=\"vc_col-sm-12 wpb_column column_container vc_column_container col no-extra-padding inherit_tablet inherit_phone flex_gap_desktop_10px\"  data-padding-pos=\"all\" data-has-bg-color=\"false\" data-bg-color=\"\" data-bg-opacity=\"1\" data-animation=\"\" data-delay=\"0\" >\n\t\t<div class=\"vc_column-inner\" >\n\t\t\t<div class=\"wpb_wrapper\">\n\t\t\t\t\n\t\t\t<\/div> \n\t\t<\/div>\n\t<\/div> \n<\/div><\/div>","protected":false},"excerpt":{"rendered":"R\u00e9paration d&#039;\u00e9lectrom\u00e9nagers le jour m\u00eame ou le lendemain \u00e0 Ottawa\u2013Gatineau. Techniciens agr\u00e9\u00e9s et assur\u00e9s \u2013 prix transparents \u2013 garanties r\u00e9elles. Prenez rendez-vous pour une r\u00e9paration d&#039;\u00e9lectrom\u00e9nagers \u00e0 Ottawa\u2013Gatineau. Depuis 2017, Technicien en \u00e9lectrom\u00e9nager est l&#039;\u00e9quipe locale d&#039;Ottawa\u2013Gatineau pour une r\u00e9paration rapide et fiable de vos appareils \u00e9lectrom\u00e9nagers. Nos techniciens agr\u00e9\u00e9s r\u00e9parent r\u00e9frig\u00e9rateurs, cong\u00e9lateurs, laveuses, s\u00e9cheuses, lave-vaisselle, fours et cuisini\u00e8res. Prix transparents et garanties r\u00e9elles. Nous arrivons avec les pi\u00e8ces courantes, nous vous expliquons\u2026.","protected":false},"author":1,"featured_media":31710,"parent":0,"menu_order":0,"comment_status":"closed","ping_status":"closed","template":"","meta":{"footnotes":""},"class_list":["post-30625","page","type-page","status-publish","has-post-thumbnail"],"_links":{"self":[{"href":"https:\/\/appliancetechnician.ca\/fr\/wp-json\/wp\/v2\/pages\/30625","targetHints":{"allow":["GET"]}}],"collection":[{"href":"https:\/\/appliancetechnician.ca\/fr\/wp-json\/wp\/v2\/pages"}],"about":[{"href":"https:\/\/appliancetechnician.ca\/fr\/wp-json\/wp\/v2\/types\/page"}],"author":[{"embeddable":true,"href":"https:\/\/appliancetechnician.ca\/fr\/wp-json\/wp\/v2\/users\/1"}],"replies":[{"embeddable":true,"href":"https:\/\/appliancetechnician.ca\/fr\/wp-json\/wp\/v2\/comments?post=30625"}],"version-history":[{"count":0,"href":"https:\/\/appliancetechnician.ca\/fr\/wp-json\/wp\/v2\/pages\/30625\/revisions"}],"wp:featuredmedia":[{"embeddable":true,"href":"https:\/\/appliancetechnician.ca\/fr\/wp-json\/wp\/v2\/media\/31710"}],"wp:attachment":[{"href":"https:\/\/appliancetechnician.ca\/fr\/wp-json\/wp\/v2\/media?parent=30625"}],"curies":[{"name":"wp","href":"https:\/\/api.w.org\/{rel}","templated":true}]}}