{"id":31418,"date":"2024-02-05T16:13:16","date_gmt":"2024-02-05T20:13:16","guid":{"rendered":"https:\/\/appliancetechnician.ca\/?page_id=31418"},"modified":"2025-04-13T22:32:13","modified_gmt":"2025-04-14T02:32:13","slug":"reparation-dappareils-electromenagers-a-gatineau","status":"publish","type":"page","link":"https:\/\/appliancetechnician.ca\/fr\/gatineau-appliance-repair\/","title":{"rendered":"R\u00e9paration d&#039;\u00e9lectrom\u00e9nagers \u00e0 Gatineau"},"content":{"rendered":"","protected":false},"excerpt":{"rendered":"","protected":false},"author":1,"featured_media":0,"parent":0,"menu_order":0,"comment_status":"closed","ping_status":"closed","template":"","meta":{"footnotes":""},"class_list":["post-31418","page","type-page","status-publish"],"_links":{"self":[{"href":"https:\/\/appliancetechnician.ca\/fr\/wp-json\/wp\/v2\/pages\/31418","targetHints":{"allow":["GET"]}}],"collection":[{"href":"https:\/\/appliancetechnician.ca\/fr\/wp-json\/wp\/v2\/pages"}],"about":[{"href":"https:\/\/appliancetechnician.ca\/fr\/wp-json\/wp\/v2\/types\/page"}],"author":[{"embeddable":true,"href":"https:\/\/appliancetechnician.ca\/fr\/wp-json\/wp\/v2\/users\/1"}],"replies":[{"embeddable":true,"href":"https:\/\/appliancetechnician.ca\/fr\/wp-json\/wp\/v2\/comments?post=31418"}],"version-history":[{"count":0,"href":"https:\/\/appliancetechnician.ca\/fr\/wp-json\/wp\/v2\/pages\/31418\/revisions"}],"wp:attachment":[{"href":"https:\/\/appliancetechnician.ca\/fr\/wp-json\/wp\/v2\/media?parent=31418"}],"curies":[{"name":"wp","href":"https:\/\/api.w.org\/{rel}","templated":true}]}}