{"id":31765,"date":"2024-06-05T03:35:47","date_gmt":"2024-06-05T07:35:47","guid":{"rendered":"https:\/\/appliancetechnician.ca\/404-error-page-2\/"},"modified":"2026-02-04T10:22:59","modified_gmt":"2026-02-04T15:22:59","slug":"erreur-404-page-2","status":"publish","type":"page","link":"https:\/\/appliancetechnician.ca\/fr\/404-error-page-2\/","title":{"rendered":"Page d'erreur 404"},"content":{"rendered":"<div class=\"wall\" style=\"background-color: #f2f3f7; border: 30px solid #fff; width: 90%; height: 90%; margin: 0 auto;\">\n<h1 style=\"text-align: center; font-family: 'open-sans', arial; color: #444; font-size: 60px; padding: 50px;\">ERREUR 404<br \/>\n\u2013<br \/>\nNON TROUV\u00c9<\/h1>\n<p style=\"text-align: center; font-family: 'open-sans', arial; color: #444; font-size: 40px; padding: 20px; line-height: 55px;\">\n\/\/ Vous avez peut-\u00eatre mal saisi l'URL,<br \/>\n\/\/ Ou la page a \u00e9t\u00e9 supprim\u00e9e,<br \/>\n\/\/ En fait, il n'y a rien \u00e0 voir ici...<\/p>\n<p style=\"text-align: center;\"><a style=\"font-family: 'open-sans', arial; color: #444; font-size: 20px; padding: 20px; line-height: 30px; text-decoration: none;\" href=\"https:\/\/appliancetechnician.ca\/fr\/\">&lt;&lt; Retourner \u00e0 la page d&#039;accueil<\/a><\/p>\n<\/div>","protected":false},"excerpt":{"rendered":"<p>metaseo_404_page<\/p>","protected":false},"author":1,"featured_media":0,"parent":0,"menu_order":0,"comment_status":"closed","ping_status":"closed","template":"","meta":{"footnotes":""},"class_list":["post-31765","page","type-page","status-publish"],"_links":{"self":[{"href":"https:\/\/appliancetechnician.ca\/fr\/wp-json\/wp\/v2\/pages\/31765","targetHints":{"allow":["GET"]}}],"collection":[{"href":"https:\/\/appliancetechnician.ca\/fr\/wp-json\/wp\/v2\/pages"}],"about":[{"href":"https:\/\/appliancetechnician.ca\/fr\/wp-json\/wp\/v2\/types\/page"}],"author":[{"embeddable":true,"href":"https:\/\/appliancetechnician.ca\/fr\/wp-json\/wp\/v2\/users\/1"}],"replies":[{"embeddable":true,"href":"https:\/\/appliancetechnician.ca\/fr\/wp-json\/wp\/v2\/comments?post=31765"}],"version-history":[{"count":0,"href":"https:\/\/appliancetechnician.ca\/fr\/wp-json\/wp\/v2\/pages\/31765\/revisions"}],"wp:attachment":[{"href":"https:\/\/appliancetechnician.ca\/fr\/wp-json\/wp\/v2\/media?parent=31765"}],"curies":[{"name":"wp","href":"https:\/\/api.w.org\/{rel}","templated":true}]}}