{"id":33270,"date":"2025-08-18T07:15:51","date_gmt":"2025-08-18T11:15:51","guid":{"rendered":"https:\/\/appliancetechnician.ca\/?page_id=33270"},"modified":"2025-10-10T00:10:20","modified_gmt":"2025-10-10T04:10:20","slug":"promotion-de-reparation-dappareils-electromenagers-abordable-a-ottawa-et-a-gatineau","status":"publish","type":"page","link":"https:\/\/appliancetechnician.ca\/fr\/affordable-appliance-repair-promo-ottawa-gatineau-appliance-repair-promo\/","title":{"rendered":"Promotion sur la r\u00e9paration d&#039;\u00e9lectrom\u00e9nagers \u2013 Ottawa et Gatineau | $30 de r\u00e9duction sur toute r\u00e9paration"},"content":{"rendered":"<div id=\"fws_69d8eb48bfebc\"  data-column-margin=\"default\" data-midnight=\"dark\"  class=\"wpb_row vc_row-fluid vc_row\"  style=\"padding-top: 0px; padding-bottom: 0px; \"><div class=\"row-bg-wrap\" data-bg-animation=\"none\" data-bg-animation-delay=\"\" data-bg-overlay=\"false\"><div class=\"inner-wrap row-bg-layer\" ><div class=\"row-bg viewport-desktop\"  style=\"\"><\/div><\/div><\/div><div class=\"row_col_wrap_12 col span_12 dark left\">\n\t<div  class=\"vc_col-sm-12 wpb_column column_container vc_column_container col no-extra-padding inherit_tablet inherit_phone\"  data-padding-pos=\"all\" data-has-bg-color=\"false\" data-bg-color=\"\" data-bg-opacity=\"1\" data-animation=\"\" data-delay=\"0\" >\n\t\t<div class=\"vc_column-inner\" >\n\t\t\t<div class=\"wpb_wrapper\">\n\t\t\t\t\n\t<div class=\"wpb_video_widget wpb_content_element vc_clearfix   vc_video-aspect-ratio-169 vc_video-el-width-100 vc_video-align-left\" >\n\t\t<div class=\"wpb_wrapper\">\n\t\t\t\n\t\t\t<div class=\"wpb_video_wrapper\"><iframe loading=\"lazy\" title=\"R\u00e9parez vos appareils \u00e9lectrom\u00e9nagers \u00e0 Ottawa et Gatineau - $30 Off Repairs!\" width=\"500\" height=\"281\" src=\"https:\/\/www.youtube.com\/embed\/BaV_OWt-TyE?feature=oembed\" frameborder=\"0\" allow=\"accelerometer; autoplay; clipboard-write; encrypted-media; gyroscope; picture-in-picture; web-share\" referrerpolicy=\"strict-origin-when-cross-origin\" allowfullscreen><\/iframe><\/div>\n\t\t<\/div>\n\t<\/div>\n<div class=\"divider-wrap\" data-alignment=\"default\"><div style=\"height: 60px;\" class=\"divider\"><\/div><\/div>\n\t\t\t<\/div> \n\t\t<\/div>\n\t<\/div> \n\n\t<div  class=\"vc_col-sm-12 wpb_column column_container vc_column_container col no-extra-padding inherit_tablet inherit_phone\"  data-padding-pos=\"all\" data-has-bg-color=\"false\" data-bg-color=\"\" data-bg-opacity=\"1\" data-animation=\"\" data-delay=\"0\" >\n\t\t<div class=\"vc_column-inner\" >\n\t\t\t<div class=\"wpb_wrapper\">\n\t\t\t\t\n<div class=\"wpb_text_column wpb_content_element\" >\n\t<h2>Promotion sur la r\u00e9paration d&#039;appareils \u00e9lectrom\u00e9nagers\u00a0: $30 de r\u00e9duction sur toute r\u00e9paration<\/h2>\n<p>Cette promotion sur la r\u00e9paration d&#039;\u00e9lectrom\u00e9nagers montre comment Appliance Technician aide les propri\u00e9taires d&#039;Ottawa et de Gatineau avec leurs appareils \u00e9lectrom\u00e9nagers de grandes marques. Dans cette courte vid\u00e9o, d\u00e9couvrez la prise de rendez-vous rapide, le diagnostic sur place, les prix affich\u00e9s \u00e0 l&#039;avance, les options de pi\u00e8ces claires et les r\u00e9parations couvertes par la garantie. Les r\u00e9parations courantes comprennent les fuites de lave-linge, les lave-vaisselle qui ne fonctionnent pas et les fours qui ne chauffent pas. Offre limit\u00e9e dans le temps\u00a0: $30 de r\u00e9duction sur la r\u00e9paration d&#039;\u00e9lectrom\u00e9nagers. Appelez le (613) 701-1800 ou prenez rendez-vous sur appliancetechnician.ca.<\/p>\n<p><strong>Pourquoi cette promotion de r\u00e9paration d&#039;\u00e9lectrom\u00e9nagers \u00e0 Ottawa fonctionne<\/strong><\/p>\n<p>Aper\u00e7u rapide du processus de r\u00e9paration, de l&#039;appel \u00e0 la r\u00e9paration pour les grandes marques.<br \/>\nTechniciens locaux, agr\u00e9\u00e9s et assur\u00e9s au service d&#039;Ottawa et de Gatineau.<br \/>\nDevis transparents, choix de pi\u00e8ces et garantie sur les travaux termin\u00e9s.<\/p>\n<p><strong>\u00a0Ce qui est pr\u00e9sent\u00e9 dans la promotion de r\u00e9paration d&#039;\u00e9lectrom\u00e9nagers \u00e0 Gatineau<br \/>\n<\/strong><\/p>\n<ul>\n<li>Diagnostic des fuites de lave-linge et \u00e9tapes de r\u00e9paration.<\/li>\n<li>D\u00e9pannage du lave-vaisselle sans lavage.<\/li>\n<li>Solutions pour les probl\u00e8mes de four qui ne chauffent pas ou qui chauffent de mani\u00e8re in\u00e9gale.<\/li>\n<\/ul>\n<h2>Pourquoi devriez-vous profiter de notre promotion sur la r\u00e9paration d&#039;appareils \u00e9lectrom\u00e9nagers\u00a0?<\/h2>\n<p>Utilisez cette promotion de r\u00e9paration d&#039;appareils \u00e9lectrom\u00e9nagers de grande marque pour \u00e9conomiser : $30 de r\u00e9duction sur la r\u00e9paration d&#039;appareils \u00e9lectrom\u00e9nagers. R\u00e9servez en ligne 24h\/24 et 7j\/7 sur <a href=\"https:\/\/appliancetechnician.ca\/fr\/reserver-la-reparation-dun-electromenager-en-ligne\/\">techniciend&#039;\u00e9lectrom\u00e9nagers.ca<\/a><\/p>\n<\/div>\n\n\n\n<div class=\"divider-wrap\" data-alignment=\"default\"><div style=\"height: 30px;\" class=\"divider\"><\/div><\/div>\n\t\t\t<\/div> \n\t\t<\/div>\n\t<\/div> \n<\/div><\/div>","protected":false},"excerpt":{"rendered":"Promotion R\u00e9paration d&#039;\u00e9lectrom\u00e9nagers \u2013 $30 de rabais sur toute r\u00e9paration. Cette promotion vous montre comment Appliance Technician aide les propri\u00e9taires d&#039;Ottawa et de Gatineau \u00e0 r\u00e9parer les appareils \u00e9lectrom\u00e9nagers des grandes marques. Dans cette courte vid\u00e9o, d\u00e9couvrez la prise de rendez-vous rapide, le diagnostic sur place, le prix transparent, les options de pi\u00e8ces claires et les r\u00e9parations garanties. Parmi les r\u00e9parations courantes\u00a0: lave-linge qui fuient, lave-vaisselle qui ne lave pas et four qui ne chauffe pas. Offre \u00e0 dur\u00e9e limit\u00e9e\u00a0: $30 de rabais sur la r\u00e9paration d&#039;un \u00e9lectrom\u00e9nager.","protected":false},"author":1,"featured_media":455,"parent":0,"menu_order":0,"comment_status":"closed","ping_status":"closed","template":"","meta":{"footnotes":""},"class_list":["post-33270","page","type-page","status-publish","has-post-thumbnail"],"_links":{"self":[{"href":"https:\/\/appliancetechnician.ca\/fr\/wp-json\/wp\/v2\/pages\/33270","targetHints":{"allow":["GET"]}}],"collection":[{"href":"https:\/\/appliancetechnician.ca\/fr\/wp-json\/wp\/v2\/pages"}],"about":[{"href":"https:\/\/appliancetechnician.ca\/fr\/wp-json\/wp\/v2\/types\/page"}],"author":[{"embeddable":true,"href":"https:\/\/appliancetechnician.ca\/fr\/wp-json\/wp\/v2\/users\/1"}],"replies":[{"embeddable":true,"href":"https:\/\/appliancetechnician.ca\/fr\/wp-json\/wp\/v2\/comments?post=33270"}],"version-history":[{"count":0,"href":"https:\/\/appliancetechnician.ca\/fr\/wp-json\/wp\/v2\/pages\/33270\/revisions"}],"wp:featuredmedia":[{"embeddable":true,"href":"https:\/\/appliancetechnician.ca\/fr\/wp-json\/wp\/v2\/media\/455"}],"wp:attachment":[{"href":"https:\/\/appliancetechnician.ca\/fr\/wp-json\/wp\/v2\/media?parent=33270"}],"curies":[{"name":"wp","href":"https:\/\/api.w.org\/{rel}","templated":true}]}}