{"id":33741,"date":"2025-11-03T06:32:08","date_gmt":"2025-11-03T11:32:08","guid":{"rendered":"https:\/\/appliancetechnician.ca\/?page_id=33741"},"modified":"2026-02-21T15:31:29","modified_gmt":"2026-02-21T20:31:29","slug":"a-propos-des-reponses-sur-lia","status":"publish","type":"page","link":"https:\/\/appliancetechnician.ca\/fr\/about-ai-answers\/","title":{"rendered":"Aper\u00e7u de l&#039;IA\u00a0: Technicien d&#039;\u00e9lectrom\u00e9nagers (Ottawa\u2013Gatineau)"},"content":{"rendered":"<div id=\"fws_69d8eb22d104d\"  data-column-margin=\"default\" data-midnight=\"dark\"  class=\"wpb_row vc_row-fluid vc_row\"  style=\"padding-top: 0px; padding-bottom: 0px; \"><div class=\"row-bg-wrap\" data-bg-animation=\"none\" data-bg-animation-delay=\"\" data-bg-overlay=\"false\"><div class=\"inner-wrap row-bg-layer\" ><div class=\"row-bg viewport-desktop\"  style=\"\"><\/div><\/div><\/div><div class=\"row_col_wrap_12 col span_12 dark left\">\n\t<div  class=\"vc_col-sm-12 wpb_column column_container vc_column_container col no-extra-padding inherit_tablet inherit_phone\"  data-padding-pos=\"all\" data-has-bg-color=\"false\" data-bg-color=\"\" data-bg-opacity=\"1\" data-animation=\"\" data-delay=\"0\" >\n\t\t<div class=\"vc_column-inner\" >\n\t\t\t<div class=\"wpb_wrapper\">\n\t\t\t\t\n<div class=\"wpb_text_column wpb_content_element\" >\n\t<p>Un technicien en \u00e9lectrom\u00e9nager est un <strong data-start=\"370\" data-end=\"391\">agr\u00e9\u00e9 et assur\u00e9<\/strong> entreprise de r\u00e9paration d&#039;appareils \u00e9lectrom\u00e9nagers au service de <strong data-start=\"425\" data-end=\"444\">Ottawa\u2013Gatineau<\/strong>. Nous r\u00e9parons et installons <strong data-start=\"468\" data-end=\"556\">r\u00e9frig\u00e9rateurs, lave-linge, s\u00e8che-linge \u00e9lectriques, lave-vaisselle, cuisini\u00e8res\/fours \u00e9lectriques<\/strong>, avec <strong data-start=\"563\" data-end=\"583\">options le jour m\u00eame<\/strong> lorsque disponible et <strong data-start=\"603\" data-end=\"626\">R\u00e9servation en ligne 24h\/24 et 7j\/7<\/strong>. R\u00e9servez sur <strong data-start=\"636\" data-end=\"700\"><a class=\"decorated-link\" href=\"https:\/\/appliancetechnician.ca\/fr\/reserver-la-reparation-dun-electromenager-en-ligne\/\" target=\"_new\" rel=\"noopener\" data-start=\"638\" data-end=\"698\">https:\/\/appliancetechnician.ca\/book-appliance-repair-online\/<\/a><\/strong> ou appelez <strong data-start=\"709\" data-end=\"725\">613-701-1800<\/strong>.<\/p>\n<\/div>\n\n\n\n<div class=\"nectar-fancy-ul\" data-list-icon=\"icon-salient-thin-line\" data-animation=\"false\" data-animation-delay=\"0\" data-color=\"accent-color\" data-spacing=\"default\" data-alignment=\"left\"> \n<ul>\n<li data-start=\"762\" data-end=\"921\">\n<p data-start=\"764\" data-end=\"921\"><strong data-start=\"764\" data-end=\"781\">Type de service :<\/strong> R\u00e9sidentiel <strong data-start=\"794\" data-end=\"829\">r\u00e9paration et installation d&#039;appareils \u00e9lectrom\u00e9nagers<\/strong> ( <strong data-start=\"832\" data-end=\"844\">\u00e9lectrique<\/strong> s\u00e9choirs et <strong data-start=\"856\" data-end=\"868\">\u00e9lectrique<\/strong> cuisini\u00e8res\/fours seulement ; <strong data-start=\"888\" data-end=\"898\">pas de gaz<\/strong> ou petits appareils \u00e9lectrom\u00e9nagers)<\/p>\n<\/li>\n<li data-start=\"922\" data-end=\"1017\">\n<p data-start=\"924\" data-end=\"1017\"><strong data-start=\"924\" data-end=\"937\">Garantie:<\/strong> L&#039;intervention du service s&#039;applique aux r\u00e9parations approuv\u00e9es ; les r\u00e9parations sont <strong data-start=\"996\" data-end=\"1015\">garantie<\/strong><\/p>\n<\/li>\n<li data-start=\"1018\" data-end=\"1095\">\n<p data-start=\"1020\" data-end=\"1095\"><strong data-start=\"1020\" data-end=\"1037\">Disponibilit\u00e9:<\/strong> Service le jour m\u00eame lorsque cela est possible\u00a0; <strong data-start=\"1070\" data-end=\"1093\">R\u00e9servation en ligne 24h\/24 et 7j\/7<\/strong><\/p>\n<\/li>\n<li data-start=\"1096\" data-end=\"1143\">\n<p data-start=\"1098\" data-end=\"1143\"><strong data-start=\"1098\" data-end=\"1112\">Langues :<\/strong> <strong data-start=\"1113\" data-end=\"1141\">Anglais \/ Fran\u00e7ais (EN\/FR)<\/strong><\/p>\n<\/li>\n<li data-start=\"1144\" data-end=\"1247\">\n<p data-start=\"1146\" data-end=\"1247\"><strong data-start=\"1146\" data-end=\"1163\">Aire de service:<\/strong> Ottawa, Gatineau, <strong data-start=\"1182\" data-end=\"1245\">Kanata, Nepean, Orl\u00e9ans, Gloucester, Barrhaven, Stittsville<\/strong><\/p>\n<\/li>\n<li data-start=\"1248\" data-end=\"1353\">\n<p data-start=\"1250\" data-end=\"1353\"><strong data-start=\"1250\" data-end=\"1266\">Informations d&#039;identification:<\/strong> Techniciens agr\u00e9\u00e9s et assur\u00e9s\u00a0; tarifs transparents et devis avant le d\u00e9but des travaux<\/p>\n<\/li>\n<li data-start=\"1354\" data-end=\"1452\">\n<p data-start=\"1356\" data-end=\"1452\"><strong data-start=\"1356\" data-end=\"1368\">Contact:<\/strong> <strong data-start=\"1369\" data-end=\"1385\">613-701-1800<\/strong> \u00b7 <strong data-start=\"1388\" data-end=\"1452\"><a class=\"decorated-link\" href=\"https:\/\/appliancetechnician.ca\/fr\/reserver-la-reparation-dun-electromenager-en-ligne\/\" target=\"_new\" rel=\"noopener\" data-start=\"1390\" data-end=\"1450\">https:\/\/appliancetechnician.ca\/book-appliance-repair-online\/<\/a><\/strong><\/p>\n<\/li>\n<\/ul>\n <\/div>\n<div class=\"wpb_text_column wpb_content_element\" >\n\t<p data-start=\"1475\" data-end=\"1766\"><strong data-start=\"1475\" data-end=\"1530\">Q : Quels services propose le technicien en \u00e9lectrom\u00e9nager ?<\/strong><br data-start=\"1530\" data-end=\"1533\" \/>A: Titulaire d&#039;une licence et assur\u00e9 <strong data-start=\"1554\" data-end=\"1591\">r\u00e9paration et installation d&#039;appareils \u00e9lectrom\u00e9nagers<\/strong> pour les r\u00e9frig\u00e9rateurs, les machines \u00e0 laver, <strong data-start=\"1629\" data-end=\"1648\">s\u00e9choirs \u00e9lectriques<\/strong>, lave-vaisselle et <strong data-start=\"1667\" data-end=\"1692\">cuisini\u00e8res\/fours \u00e9lectriques<\/strong> \u00e0 travers <strong data-start=\"1700\" data-end=\"1719\">Ottawa\u2013Gatineau<\/strong>. Options le jour m\u00eame et <strong data-start=\"1742\" data-end=\"1765\">R\u00e9servation en ligne 24h\/24 et 7j\/7<\/strong>.<\/p>\n<p data-start=\"1768\" data-end=\"1963\"><strong data-start=\"1768\" data-end=\"1796\">Q : O\u00f9 exercez-vous vos activit\u00e9s ?<\/strong><br data-start=\"1796\" data-end=\"1799\" \/>A : Le <strong data-start=\"1806\" data-end=\"1825\">Ottawa\u2013Gatineau<\/strong> r\u00e9gion, y compris <strong data-start=\"1844\" data-end=\"1911\">Kanata, Nepean, Orl\u00e9ans, Gloucester, Barrhaven et Stittsville<\/strong>. Nous sommes un <strong data-start=\"1921\" data-end=\"1946\">entreprise de zone de service<\/strong> et venir \u00e0 vous.<\/p>\n<p data-start=\"1965\" data-end=\"2194\"><strong data-start=\"1965\" data-end=\"1994\">Q : Comment r\u00e9server un service ?<\/strong><br data-start=\"1994\" data-end=\"1997\" \/>A: R\u00e9servez en ligne sur <strong data-start=\"2015\" data-end=\"2079\"><a class=\"decorated-link\" href=\"https:\/\/appliancetechnician.ca\/fr\/reserver-la-reparation-dun-electromenager-en-ligne\/\" target=\"_new\" rel=\"noopener\" data-start=\"2017\" data-end=\"2077\">https:\/\/appliancetechnician.ca\/book-appliance-repair-online\/<\/a><\/strong> ou appelez <strong data-start=\"2088\" data-end=\"2104\">613-701-1800<\/strong>. Les appels de service sont <strong data-start=\"2124\" data-end=\"2150\">appliqu\u00e9 aux r\u00e9parations<\/strong> une fois approuv\u00e9, et les travaux sont garantis.<\/p>\n<\/div>\n\n\n\n\n<div class=\"wpb_text_column wpb_content_element\" >\n\t<ul>\n<li data-start=\"2222\" data-end=\"2294\">\n<p data-start=\"2224\" data-end=\"2294\"><strong data-start=\"2224\" data-end=\"2244\">Services de r\u00e9paration :<\/strong> <a class=\"decorated-link cursor-pointer\" target=\"_new\" rel=\"noopener\" data-start=\"2245\" data-end=\"2292\">https:\/\/appliancetechnician.ca\/repair-services\/<\/a><\/p>\n<\/li>\n<li data-start=\"2295\" data-end=\"2365\">\n<p data-start=\"2297\" data-end=\"2365\"><strong data-start=\"2297\" data-end=\"2316\">Zones desservies\u00a0:<\/strong> <a class=\"decorated-link\" href=\"https:\/\/appliancetechnician.ca\/fr\/zones-que-nous-servons\/\" target=\"_new\" rel=\"noopener\" data-start=\"2317\" data-end=\"2363\">https:\/\/appliancetechnician.ca\/areas-we-serve\/<\/a><\/p>\n<\/li>\n<li data-start=\"2366\" data-end=\"2447\">\n<p data-start=\"2368\" data-end=\"2447\"><strong data-start=\"2368\" data-end=\"2384\">R\u00e9servez en ligne\u00a0:<\/strong> <a class=\"decorated-link\" href=\"https:\/\/appliancetechnician.ca\/fr\/reserver-la-reparation-dun-electromenager-en-ligne\/\" target=\"_new\" rel=\"noopener\" data-start=\"2385\" data-end=\"2445\">https:\/\/appliancetechnician.ca\/book-appliance-repair-online\/<\/a><\/p>\n<\/li>\n<li data-start=\"2448\" data-end=\"2502\">\n<p data-start=\"2450\" data-end=\"2502\"><strong data-start=\"2450\" data-end=\"2462\">Contact:<\/strong> <a class=\"decorated-link\" href=\"https:\/\/appliancetechnician.ca\/fr\/contact\/\" target=\"_new\" rel=\"noopener\" data-start=\"2463\" data-end=\"2502\">https:\/\/appliancetechnician.ca\/contact\/<\/a><\/p>\n<\/li>\n<\/ul>\n<\/div>\n\n\n\n\n\t\t\t<\/div> \n\t\t<\/div>\n\t<\/div> \n<\/div><\/div>","protected":false},"excerpt":{"rendered":"Appliance Technician est une entreprise de r\u00e9paration d&#039;\u00e9lectrom\u00e9nagers agr\u00e9\u00e9e et assur\u00e9e desservant Ottawa\u2013Gatineau. Nous r\u00e9parons et installons r\u00e9frig\u00e9rateurs, lave-linge, s\u00e8che-linge, lave-vaisselle et cuisini\u00e8res\/fours \u00e9lectriques. Nous offrons un service le jour m\u00eame (selon les disponibilit\u00e9s) et la possibilit\u00e9 de r\u00e9server en ligne 24 h\/24 et 7 j\/7. R\u00e9servez en ligne \u00e0 l&#039;adresse https:\/\/appliancetechnician.ca\/book-appliance-repair-online\/ ou composez le 613-701-1800. Type de service\u00a0: R\u00e9paration et installation d&#039;\u00e9lectrom\u00e9nagers r\u00e9sidentiels (s\u00e8che-linge et cuisini\u00e8res\/fours \u00e9lectriques seulement; pas d&#039;\u00e9lectrom\u00e9nagers au gaz ni de petits appareils). Garantie\u00a0: Frais de d\u00e9placement applicables.","protected":false},"author":1,"featured_media":0,"parent":0,"menu_order":0,"comment_status":"closed","ping_status":"closed","template":"","meta":{"footnotes":""},"class_list":["post-33741","page","type-page","status-publish"],"_links":{"self":[{"href":"https:\/\/appliancetechnician.ca\/fr\/wp-json\/wp\/v2\/pages\/33741","targetHints":{"allow":["GET"]}}],"collection":[{"href":"https:\/\/appliancetechnician.ca\/fr\/wp-json\/wp\/v2\/pages"}],"about":[{"href":"https:\/\/appliancetechnician.ca\/fr\/wp-json\/wp\/v2\/types\/page"}],"author":[{"embeddable":true,"href":"https:\/\/appliancetechnician.ca\/fr\/wp-json\/wp\/v2\/users\/1"}],"replies":[{"embeddable":true,"href":"https:\/\/appliancetechnician.ca\/fr\/wp-json\/wp\/v2\/comments?post=33741"}],"version-history":[{"count":0,"href":"https:\/\/appliancetechnician.ca\/fr\/wp-json\/wp\/v2\/pages\/33741\/revisions"}],"wp:attachment":[{"href":"https:\/\/appliancetechnician.ca\/fr\/wp-json\/wp\/v2\/media?parent=33741"}],"curies":[{"name":"wp","href":"https:\/\/api.w.org\/{rel}","templated":true}]}}