{"id":450,"date":"2021-05-05T03:36:23","date_gmt":"2021-05-05T07:36:23","guid":{"rendered":"https:\/\/appliancetechnician.ca\/?page_id=450"},"modified":"2025-11-09T01:18:54","modified_gmt":"2025-11-09T06:18:54","slug":"reductions","status":"publish","type":"page","link":"https:\/\/appliancetechnician.ca\/fr\/discounts\/","title":{"rendered":"R\u00e9ductions"},"content":{"rendered":"<p data-rm-block-id=\"block-1\">\n\t\t<div id=\"fws_69d9f9a16bd7d\"  data-column-margin=\"default\" data-midnight=\"dark\" data-top-percent=\"5%\" data-bottom-percent=\"5%\"  class=\"wpb_row vc_row-fluid vc_row full-width-section  top_padding_tablet_80px top_padding_phone_50px bottom_padding_tablet_80px bottom_padding_phone_50px\"  style=\"padding-top: calc(100vw * 0.05); padding-bottom: calc(100vw * 0.05); \"><div class=\"row-bg-wrap\" data-bg-animation=\"none\" data-bg-animation-delay=\"\" data-bg-overlay=\"false\"><div class=\"inner-wrap row-bg-layer\" ><div class=\"row-bg viewport-desktop\"  style=\"\"><\/div><\/div><\/div><div class=\"row_col_wrap_12 col span_12 dark left\">\n\t<div  class=\"vc_col-sm-12 wpb_column column_container vc_column_container col no-extra-padding inherit_tablet inherit_phone\"  data-padding-pos=\"all\" data-has-bg-color=\"false\" data-bg-color=\"\" data-bg-opacity=\"1\" data-animation=\"\" data-delay=\"0\" >\n\t\t<div class=\"vc_column-inner\" >\n\t\t\t<div class=\"wpb_wrapper\">\n\t\t\t\t<div id=\"fws_69d9f9a16bf89\" data-midnight=\"\" data-column-margin=\"default\" class=\"wpb_row vc_row-fluid vc_row inner_row\"  style=\"\"><div class=\"row-bg-wrap\"> <div class=\"row-bg\" ><\/div> <\/div><div class=\"row_col_wrap_12_inner col span_12  left\">\n\t<div  class=\"vc_col-sm-12 wpb_column column_container vc_column_container col child_column centered-text no-extra-padding inherit_tablet inherit_phone\"   data-padding-pos=\"all\" data-has-bg-color=\"false\" data-bg-color=\"\" data-bg-opacity=\"1\" data-animation=\"\" data-delay=\"0\" >\n\t\t<div class=\"vc_column-inner\" >\n\t\t<div class=\"wpb_wrapper\">\n\t\t\t\n<div class=\"wpb_text_column wpb_content_element\" style=\" max-width: 900px; display: inline-block;\">\n\t<h2 style=\"text-align: center;\" data-rm-block-id=\"block-2\">\u00c9conomisez davantage avec un technicien en \u00e9lectrom\u00e9nager<\/h2>\n<p style=\"text-align: center;\" data-rm-block-id=\"block-3\">Les techniciens d&#039;appareils \u00e9lectrom\u00e9nagers ont mis \u00e0 jour leurs offres pour offrir davantage d&#039;\u00e9conomies sur les r\u00e9parations d&#039;appareils \u00e9lectrom\u00e9nagers. Ils offrent d\u00e9sormais un appel de service gratuit avec tout service de r\u00e9paration, un <strong>$30<\/strong> remise sur toute r\u00e9paration aujourd&#039;hui, un <strong>$50<\/strong> \u00e9conomisez sur votre 3\u00e8me r\u00e9paration, et <strong>10%<\/strong> de r\u00e9duction pour les clients r\u00e9guliers. Ces offres visent \u00e0 rendre les services de r\u00e9paration professionnels encore plus abordables pour leurs clients.<\/p>\n<p data-rm-block-id=\"block-4\">\n<\/div>\n\n\n\n\n\t\t<\/div> \n\t<\/div>\n\t<\/div> \n<\/div><\/div><div id=\"fws_69d9f9a16c27b\" data-midnight=\"\" data-column-margin=\"default\" class=\"wpb_row vc_row-fluid vc_row inner_row\"  style=\"\"><div class=\"row-bg-wrap\"> <div class=\"row-bg\" ><\/div> <\/div><div class=\"row_col_wrap_12_inner col span_12  center\">\n\t<div  class=\"vc_col-sm-6 wpb_column column_container vc_column_container col child_column no-extra-padding inherit_tablet inherit_phone\"   data-padding-pos=\"all\" data-has-bg-color=\"false\" data-bg-color=\"\" data-bg-opacity=\"1\" data-animation=\"\" data-delay=\"0\" >\n\t\t<div class=\"vc_column-inner\" >\n\t\t<div class=\"wpb_wrapper\">\n\t\t\t<div class=\"nectar-fancy-box using-img\" data-style=\"color_box_hover\" data-animation=\"\" data-hover-o=\"0.8\" data-border-radius=\"none\" data-border=\"true\" data-box-color-opacity=\"1\" data-delay=\"\" data-alignment=\"center\" data-color=\"extra-color-gradient-1\" ><div class=\"box-inner-wrap\"><div class=\"box-bg\" role=\"presentation\"  style=\"background-image: url('https:\/\/appliancetechnician.ca\/wp-content\/uploads\/2021\/05\/c8-1.jpg'); \"><\/div> <div class=\"inner\" style=\"min-height: 250px\"><div class=\"inner-wrap\"><span class=\"im-icon-wrap\" data-color=\"extra-color-gradient-1\"><span><svg role=\"presentation\" version=\"1.1\" xmlns=\"http:\/\/www.w3.org\/2000\/svg\" width=\"90\" height=\"90\" viewbox=\"0 0 32 32\" fill=\"url(#nectar-iconsmind-icon-69d9f9a16c8c7)\">\n        <path d=\"M28.667 32c-0.367 0-0.667-0.299-0.667-0.667 0-2.839-2.008-6-4.889-6h-3.111c-0.367 0-0.667-0.299-0.667-0.667s0.3-0.667 0.667-0.667h3.111c3.723 0 6.223 3.792 6.223 7.333 0 0.368-0.3 0.667-0.667 0.667zM3.333 32c-0.368 0-0.667-0.299-0.667-0.667 0-3.633 3.64-7.333 7.213-7.333h2.12c0.368 0 0.667 0.299 0.667 0.667s-0.299 0.667-0.667 0.667h-2.12c-2.857 0-5.88 3.084-5.88 6 0 0.368-0.299 0.667-0.667 0.667zM25.333 10.667h-18.667c-0.368 0-0.667-0.299-0.667-0.667s0.299-0.667 0.667-0.667h18.667c0.367 0 0.667 0.299 0.667 0.667s-0.3 0.667-0.667 0.667zM8.667 32c-0.368 0-0.667-0.299-0.667-0.667v-6c0-0.368 0.299-0.667 0.667-0.667s0.667 0.299 0.667 0.667v6c0 0.368-0.299 0.667-0.667 0.667zM11.333 32c-0.368 0-0.667-0.299-0.667-0.667v-6c0-0.368 0.299-0.667 0.667-0.667s0.667 0.299 0.667 0.667v6c0 0.368-0.299 0.667-0.667 0.667zM23.333 32c-0.367 0-0.667-0.299-0.667-0.667v-6c0-0.368 0.3-0.667 0.667-0.667s0.667 0.299 0.667 0.667v6c0 0.368-0.3 0.667-0.667 0.667zM20.667 32c-0.367 0-0.667-0.299-0.667-0.667v-6c0-0.368 0.3-0.667 0.667-0.667s0.667 0.299 0.667 0.667v6c0 0.368-0.3 0.667-0.667 0.667zM23.333 10c-0.367 0-0.667-0.299-0.667-0.667v-1.303c0-3.755-2.927-6.697-6.667-6.697-3.676 0-6.667 3.075-6.667 6.852v1.148c0 0.368-0.299 0.667-0.667 0.667s-0.667-0.299-0.667-0.667v-1.148c0-4.513 3.588-8.185 8-8.185s8 3.603 8 8.031v1.303c0 0.368-0.3 0.667-0.667 0.667zM16 26.667c-3.676 0-6.667-2.991-6.667-6.667v-1.448c-0.776-0.275-1.333-1.016-1.333-1.885v-2.667c0-0.869 0.557-1.611 1.333-1.885v-1.448c0-0.368 0.299-0.667 0.667-0.667s0.667 0.299 0.667 0.667v2c0 0.368-0.299 0.667-0.667 0.667s-0.667 0.3-0.667 0.667v2.667c0 0.367 0.299 0.667 0.667 0.667s0.667 0.299 0.667 0.667v2c0 2.941 2.392 5.333 5.333 5.333s5.333-2.392 5.333-5.333v-2c0-0.368 0.3-0.667 0.667-0.667s0.667-0.3 0.667-0.667v-2.667c0-0.367-0.3-0.667-0.667-0.667s-0.667-0.299-0.667-0.667v-2c0-0.368 0.3-0.667 0.667-0.667s0.667 0.299 0.667 0.667v1.448c0.776 0.275 1.333 1.016 1.333 1.885v2.667c0 0.869-0.557 1.611-1.333 1.885v1.448c0 3.676-2.991 6.667-6.667 6.667zM14 10c-0.368 0-0.667-0.299-0.667-0.667v-5.333c0-0.736-0.599-1.333-1.333-1.333-0.368 0-0.667-0.299-0.667-0.667s0.299-0.667 0.667-0.667c1.471 0 2.667 1.195 2.667 2.667v5.333c0 0.368-0.299 0.667-0.667 0.667zM18 10c-0.367 0-0.667-0.299-0.667-0.667v-5.333c0-1.472 1.195-2.667 2.667-2.667 0.367 0 0.667 0.299 0.667 0.667s-0.3 0.667-0.667 0.667c-0.735 0-1.333 0.597-1.333 1.333v5.333c0 0.368-0.3 0.667-0.667 0.667z\"><\/path>\n        <\/svg><svg style=\"height:0;width:0;position:absolute;\" aria-hidden=\"true\" focusable=\"false\">\n\t\t\t\t<lineargradient id=\"nectar-iconsmind-icon-69d9f9a16c8c7\" x2=\"1\" y2=\"1\">\n\t\t\t\t<stop offset=\"0%\" stop-color=\"#5dd64b\" \/>\n\t\t\t\t<stop offset=\"100%\" stop-color=\"#022042\" \/>\n\t\t\t\t<\/lineargradient>\n\t\t\t\t<\/svg><\/span><\/span>\n<h2 data-rm-block-id=\"block-5\">Appel de service gratuit<\/h2>\n<h5 data-rm-block-id=\"block-6\">Avec n&#039;importe quel service de r\u00e9paration*<\/h5>\n<p data-rm-block-id=\"block-7\"><a href=\"https:\/\/appliancetechnician.ca\/fr\/reserver-la-reparation-dun-electromenager-en-ligne\/\"><strong>Appel de service<\/strong><\/a><\/div><\/div>  <a  href=\"tel:6137011800\" class=\"box-link\"><span class=\"screen-reader-text\">Appelez aujourd&#039;hui (613) 701-1800<\/span><\/a><\/div> <\/div>\n\t\t<\/div> \n\t<\/div>\n\t<\/div> \n\n\t<div  class=\"vc_col-sm-6 wpb_column column_container vc_column_container col child_column boxed centered-text no-extra-padding inherit_tablet inherit_phone\"   data-padding-pos=\"all\" data-has-bg-color=\"false\" data-bg-color=\"\" data-bg-opacity=\"1\" data-animation=\"\" data-delay=\"0\" >\n\t\t<div class=\"vc_column-inner\" >\n\t\t<div class=\"wpb_wrapper\">\n\t\t\t<div class=\"nectar-fancy-box using-img\" data-style=\"color_box_hover\" data-animation=\"\" data-hover-o=\"0.8\" data-border-radius=\"none\" data-border=\"true\" data-box-color-opacity=\"1\" data-delay=\"\" data-alignment=\"center\" data-color=\"extra-color-gradient-2\" ><div class=\"box-inner-wrap\"><div class=\"box-bg\" role=\"presentation\"  style=\"background-image: url('https:\/\/appliancetechnician.ca\/wp-content\/uploads\/2021\/06\/electric-burner-wont-turn-off-itisfixed-appliance-technician-ltd-grey.jpg'); \"><\/div> <div class=\"inner\" style=\"min-height: 250px\"><div class=\"inner-wrap\"><span class=\"im-icon-wrap\" data-color=\"extra-color-gradient-2\"><span><svg role=\"presentation\" version=\"1.1\" xmlns=\"http:\/\/www.w3.org\/2000\/svg\" width=\"90\" height=\"90\" viewbox=\"0 0 32 32\" fill=\"url(#nectar-iconsmind-icon-69d9f9a16d504)\">\n        <path d=\"M16 1.333c8.085 0 14.667 6.581 14.667 14.667s-6.581 14.667-14.667 14.667c-8.087 0-14.667-6.581-14.667-14.667s6.58-14.667 14.667-14.667zM16 0c-8.836 0-16 7.164-16 16s7.164 16 16 16 16-7.164 16-16-7.164-16-16-16v0zM14.909 26.776c-1.84 0-3.543-0.404-5.021-1.203-2.268-1.224-3.831-3.341-4.4-5.963-0.079-0.361 0.151-0.715 0.511-0.793 0.359-0.081 0.713 0.148 0.793 0.509 0.492 2.267 1.783 4.023 3.731 5.073 1.972 1.067 4.428 1.32 7.105 0.739s4.805-1.833 6.157-3.619c1.336-1.764 1.781-3.897 1.291-6.164-0.080-0.361 0.149-0.715 0.511-0.793 0.359-0.084 0.713 0.151 0.793 0.509 0.569 2.624 0.028 5.197-1.529 7.252-1.547 2.043-3.945 3.467-6.937 4.116-1.035 0.224-2.039 0.336-3.004 0.336zM9.333 10.667c0.736 0 1.333 0.596 1.333 1.333s-0.597 1.333-1.333 1.333-1.333-0.596-1.333-1.333 0.597-1.333 1.333-1.333zM9.333 9.333c-1.471 0-2.667 1.195-2.667 2.667s1.196 2.667 2.667 2.667 2.667-1.195 2.667-2.667-1.196-2.667-2.667-2.667v0zM20 8c0.736 0 1.333 0.596 1.333 1.333s-0.597 1.333-1.333 1.333-1.333-0.596-1.333-1.333 0.597-1.333 1.333-1.333zM20 6.667c-1.472 0-2.667 1.195-2.667 2.667s1.195 2.667 2.667 2.667 2.667-1.195 2.667-2.667-1.195-2.667-2.667-2.667v0z\"><\/path>\n        <\/svg><svg style=\"height:0;width:0;position:absolute;\" aria-hidden=\"true\" focusable=\"false\">\n\t\t\t\t<lineargradient id=\"nectar-iconsmind-icon-69d9f9a16d504\" x2=\"1\" y2=\"1\">\n\t\t\t\t<stop offset=\"0%\" stop-color=\"#434fed\" \/>\n\t\t\t\t<stop offset=\"100%\" stop-color=\"#ff3838\" \/>\n\t\t\t\t<\/lineargradient>\n\t\t\t\t<\/svg><\/span><\/span>\n<h2 data-rm-block-id=\"block-8\">Promotion<\/h2>\n<h5 data-rm-block-id=\"block-9\">\u00c9conomisez $30 sur toute r\u00e9paration aujourd&#039;hui<\/h5>\n<p data-rm-block-id=\"block-10\"><a href=\"https:\/\/appliancetechnician.ca\/fr\/reserver-la-reparation-dun-electromenager-en-ligne\/\"><strong>R\u00e9server aujourd'hui<\/strong><\/a><\/div><\/div>  <a  href=\"https:\/\/appliancetechnician.ca\/fr\/reserver-la-reparation-dun-electromenager-en-ligne\/\" class=\"box-link\"><\/a><\/div> <\/div>\n\t\t<\/div> \n\t<\/div>\n\t<\/div> \n<\/div><\/div><div id=\"fws_69d9f9a16d9a7\" data-midnight=\"\" data-column-margin=\"default\" class=\"wpb_row vc_row-fluid vc_row inner_row\"  style=\"\"><div class=\"row-bg-wrap\"> <div class=\"row-bg\" ><\/div> <\/div><div class=\"row_col_wrap_12_inner col span_12  left\">\n\t<div  class=\"vc_col-sm-6 wpb_column column_container vc_column_container col child_column boxed no-extra-padding inherit_tablet inherit_phone\"   data-padding-pos=\"all\" data-has-bg-color=\"false\" data-bg-color=\"\" data-bg-opacity=\"1\" data-animation=\"\" data-delay=\"0\" >\n\t\t<div class=\"vc_column-inner\" >\n\t\t<div class=\"wpb_wrapper\">\n\t\t\t<div class=\"nectar-fancy-box using-img\" data-style=\"color_box_hover\" data-animation=\"\" data-hover-o=\"0.8\" data-border-radius=\"none\" data-border=\"true\" data-box-color-opacity=\"1\" data-delay=\"\" data-alignment=\"center\" data-color=\"extra-color-gradient-2\" ><div class=\"box-inner-wrap\"><div class=\"box-bg\" role=\"presentation\"  style=\"background-image: url('https:\/\/appliancetechnician.ca\/wp-content\/uploads\/2025\/03\/SecondShop_Icon_RGB_K.png'); \"><\/div> <div class=\"inner\" style=\"min-height: 300px\"><div class=\"inner-wrap\"><span class=\"im-icon-wrap\" data-color=\"extra-color-gradient-2\"><span><svg role=\"presentation\" version=\"1.1\" xmlns=\"http:\/\/www.w3.org\/2000\/svg\" width=\"90\" height=\"90\" viewbox=\"0 0 32 32\" fill=\"url(#nectar-iconsmind-icon-69d9f9a16da6d)\">\n        <path d=\"M11.757 31.281c-0.171 0-0.341-0.065-0.472-0.195l-10.369-10.369c-0.125-0.128-0.195-0.297-0.195-0.473 0-0.175 0.072-0.347 0.195-0.472l18.855-18.859c0.133-0.132 0.313-0.191 0.499-0.195l6.129 0.244c1.22 0 2.391 0.485 3.272 1.365s1.365 2.053 1.365 3.3l0.243 6.103c0.008 0.185-0.063 0.363-0.195 0.497l-18.856 18.857c-0.129 0.131-0.3 0.196-0.471 0.196zM2.329 20.243l9.428 9.429 18.179-18.179-0.231-5.837c0-1.863-1.495-3.361-3.332-3.361l-5.865-0.233-18.179 18.181zM25.428 9.905c-0.891 0-1.727-0.347-2.357-0.972-1.301-1.303-1.301-3.417 0-4.715 1.257-1.257 3.455-1.257 4.712 0 1.301 1.301 1.301 3.417 0 4.715-0.628 0.625-1.464 0.972-2.355 0.972zM25.428 4.573c-0.535 0-1.036 0.207-1.415 0.584-0.781 0.78-0.781 2.049 0 2.829 0.753 0.752 2.073 0.752 2.827 0 0.78-0.78 0.78-2.049 0-2.829-0.375-0.377-0.876-0.584-1.412-0.584z\"><\/path>\n        <\/svg><svg style=\"height:0;width:0;position:absolute;\" aria-hidden=\"true\" focusable=\"false\">\n\t\t\t\t<lineargradient id=\"nectar-iconsmind-icon-69d9f9a16da6d\" x2=\"1\" y2=\"1\">\n\t\t\t\t<stop offset=\"0%\" stop-color=\"#434fed\" \/>\n\t\t\t\t<stop offset=\"100%\" stop-color=\"#ff3838\" \/>\n\t\t\t\t<\/lineargradient>\n\t\t\t\t<\/svg><\/span><\/span>\n<h2 data-rm-block-id=\"block-11\">\u00c9conomisez 5% sur les appareils \u00e9lectrom\u00e9nagers de qualit\u00e9 !<\/h2>\n<h3 data-rm-block-id=\"block-12\">Code AT5 chez SecondShop.ca pour les appareils certifi\u00e9s avec garantie.<\/h3>\n<p data-rm-block-id=\"block-13\"><\/div><\/div>  <a target=\"_blank\" href=\"https:\/\/secondshop.ca\/\" class=\"box-link\" rel=\"noopener\"><\/a><\/div> <\/div>\n\t\t<\/div> \n\t<\/div>\n\t<\/div> \n\n\t<div  class=\"vc_col-sm-6 wpb_column column_container vc_column_container col child_column no-extra-padding inherit_tablet inherit_phone\"   data-padding-pos=\"all\" data-has-bg-color=\"false\" data-bg-color=\"\" data-bg-opacity=\"1\" data-animation=\"\" data-delay=\"0\" >\n\t\t<div class=\"vc_column-inner\" >\n\t\t<div class=\"wpb_wrapper\">\n\t\t\t<div class=\"nectar-fancy-box using-img\" data-style=\"color_box_hover\" data-animation=\"\" data-hover-o=\"0.8\" data-border-radius=\"none\" data-border=\"true\" data-box-color-opacity=\"1\" data-delay=\"\" data-alignment=\"center\" data-color=\"extra-color-gradient-1\" ><div class=\"box-inner-wrap\"><div class=\"box-bg\" role=\"presentation\"  style=\"background-image: url('https:\/\/appliancetechnician.ca\/wp-content\/uploads\/2021\/05\/bsss-hero-driver.jpg'); \"><\/div> <div class=\"inner\" style=\"min-height: 250px\"><div class=\"inner-wrap\"><span class=\"im-icon-wrap\" data-color=\"extra-color-gradient-1\"><span><svg role=\"presentation\" version=\"1.1\" xmlns=\"http:\/\/www.w3.org\/2000\/svg\" width=\"90\" height=\"90\" viewbox=\"0 0 32 32\" fill=\"url(#nectar-iconsmind-icon-69d9f9a16df6b)\">\n        <path d=\"M11.757 31.281c-0.171 0-0.341-0.065-0.472-0.195l-10.369-10.369c-0.125-0.128-0.195-0.297-0.195-0.473 0-0.175 0.072-0.347 0.195-0.472l18.855-18.859c0.133-0.132 0.313-0.191 0.499-0.195l6.129 0.244c1.22 0 2.391 0.485 3.272 1.365s1.365 2.053 1.365 3.3l0.243 6.103c0.008 0.185-0.063 0.363-0.195 0.497l-18.856 18.857c-0.129 0.131-0.3 0.196-0.471 0.196zM2.329 20.243l9.428 9.429 18.179-18.179-0.231-5.837c0-1.863-1.495-3.361-3.332-3.361l-5.865-0.233-18.179 18.181zM25.428 9.905c-0.891 0-1.727-0.347-2.357-0.972-1.301-1.303-1.301-3.417 0-4.715 1.257-1.257 3.455-1.257 4.712 0 1.301 1.301 1.301 3.417 0 4.715-0.628 0.625-1.464 0.972-2.355 0.972zM25.428 4.573c-0.535 0-1.036 0.207-1.415 0.584-0.781 0.78-0.781 2.049 0 2.829 0.753 0.752 2.073 0.752 2.827 0 0.78-0.78 0.78-2.049 0-2.829-0.375-0.377-0.876-0.584-1.412-0.584z\"><\/path>\n        <\/svg><svg style=\"height:0;width:0;position:absolute;\" aria-hidden=\"true\" focusable=\"false\">\n\t\t\t\t<lineargradient id=\"nectar-iconsmind-icon-69d9f9a16df6b\" x2=\"1\" y2=\"1\">\n\t\t\t\t<stop offset=\"0%\" stop-color=\"#5dd64b\" \/>\n\t\t\t\t<stop offset=\"100%\" stop-color=\"#022042\" \/>\n\t\t\t\t<\/lineargradient>\n\t\t\t\t<\/svg><\/span><\/span>\n<h2 data-rm-block-id=\"block-14\">Rabais<\/h2>\n<h5 data-rm-block-id=\"block-15\">obtenez 10% de r\u00e9duction<\/h5>\n<p data-rm-block-id=\"block-16\"><strong>Clients r\u00e9guliers*<\/strong><\/div><\/div>  <a  href=\"tel:6137011800\" class=\"box-link\"><\/a><\/div> <\/div>\n\t\t<\/div> \n\t<\/div>\n\t<\/div> \n<\/div><\/div>\n\t\t\t<\/div> \n\t\t<\/div>\n\t<\/div> \n<\/div><\/div>\n\t\t<div id=\"fws_69d9f9a16e36f\"  data-column-margin=\"default\" data-midnight=\"dark\"  class=\"wpb_row vc_row-fluid vc_row full-width-content has-row-bg-color vc_row-o-equal-height vc_row-flex vc_row-o-content-top  right_padding_30px left_padding_30px right_padding_tablet_20px right_padding_phone_10px left_padding_tablet_20px left_padding_phone_10px\"  style=\"padding-top: 45px; padding-bottom: 45px; --row-bg-color: #ffffff;\"><div class=\"row-bg-wrap\" data-bg-animation=\"none\" data-bg-animation-delay=\"\" data-bg-overlay=\"false\"><div class=\"inner-wrap row-bg-layer\" ><div class=\"row-bg viewport-desktop using-bg-color\"  style=\"background-color: #ffffff; \"><\/div><\/div><\/div><div class=\"row_col_wrap_12 col span_12 dark left\">\n\t<div  class=\"vc_col-sm-12 wpb_column column_container vc_column_container col no-extra-padding inherit_tablet inherit_phone\"  data-padding-pos=\"all\" data-has-bg-color=\"false\" data-bg-color=\"\" data-bg-opacity=\"1\" data-animation=\"\" data-delay=\"0\" >\n\t\t<div class=\"vc_column-inner\" >\n\t\t\t<div class=\"wpb_wrapper\">\n\t\t\t\t\n<div class=\"wpb_text_column wpb_content_element\" >\n\t<h2 style=\"text-align: center;\" data-rm-block-id=\"block-17\">Politique de satisfaction client garantie<\/h2>\n<h3 style=\"text-align: center;\" data-rm-block-id=\"block-18\">Approuv\u00e9 par notre communaut\u00e9 locale d&#039;Ottawa<\/h3>\n<p data-rm-block-id=\"block-19\">\n<\/div>\n\n\n\n<div class=\"divider-wrap\" data-alignment=\"default\"><div style=\"height: 30px;\" class=\"divider\"><\/div><\/div><div id=\"fws_69d9f9a16e65e\" data-midnight=\"\" data-column-margin=\"default\" class=\"wpb_row vc_row-fluid vc_row inner_row\"  style=\"\"><div class=\"row-bg-wrap\"> <div class=\"row-bg\" ><\/div> <\/div><div class=\"row_col_wrap_12_inner col span_12  left\">\n\t<div  class=\"vc_col-sm-12 wpb_column column_container vc_column_container col child_column centered-text no-extra-padding inherit_tablet inherit_phone\"   data-padding-pos=\"all\" data-has-bg-color=\"false\" data-bg-color=\"\" data-bg-opacity=\"1\" data-animation=\"\" data-delay=\"0\" >\n\t\t<div class=\"vc_column-inner\" >\n\t\t<div class=\"wpb_wrapper\">\n\t\t\t<a class=\"nectar-button large regular m-extra-color-gradient-2 has-icon\"  role=\"button\" style=\"color: #ffffff; \"  href=\"https:\/\/www.google.com\/maps\/place\/Appliance+Technician+\/@45.4196299,-75.6990905,17z\/data=!3m1!4b1!4m5!3m4!1s0x4cce05ab2e8eaae7:0x7e820801de966b67!8m2!3d45.4196262!4d-75.6969018?shorturl=1\" data-color-override=\"false\" data-hover-color-override=\"false\" data-hover-text-color-override=\"#fff\"><span>Nos commentaires<\/span><i><span class=\"im-icon-wrap\"><span><svg role=\"presentation\" version=\"1.1\" xmlns=\"http:\/\/www.w3.org\/2000\/svg\" width=\"32\" height=\"32\" viewbox=\"0 0 32 32\">\n        <path d=\"M15.335 15.999c-0.283 0-0.544-0.18-0.636-0.465-0.112-0.351 0.083-0.725 0.432-0.839 1.852-0.592 3.167-1.405 3.557-3.436 0.071-0.361 0.42-0.599 0.781-0.528 0.361 0.073 0.596 0.419 0.528 0.781-0.547 2.841-2.563 3.847-4.465 4.456-0.061 0.019-0.129 0.031-0.197 0.031zM18.001 17.332c-0.285 0-0.548-0.185-0.639-0.471-0.109-0.353 0.085-0.725 0.44-0.835 1.199-0.372 3.472-1.823 3.472-4.64 0-0.367 0.301-0.667 0.667-0.667s0.667 0.3 0.667 0.667c0 3.587-2.773 5.408-4.416 5.917-0.057 0.017-0.125 0.028-0.191 0.028zM22.668 13.332c-0.305 0-0.609-0.011-0.909-0.028-0.365-0.028-0.643-0.344-0.62-0.711 0.028-0.364 0.344-0.64 0.711-0.62 0.268 0.021 0.54 0.028 0.815 0.028 4.415 0 8-2.391 8-5.333 0-2.94-3.585-5.333-8-5.333s-8 2.393-8 5.333c0 2.065 1.833 3.968 4.669 4.847 0.355 0.109 0.549 0.479 0.44 0.833-0.109 0.352-0.484 0.549-0.833 0.44-3.408-1.055-5.608-3.46-5.608-6.12 0-3.675 4.191-6.667 9.333-6.667s9.333 2.992 9.333 6.667c0.001 3.675-4.185 6.664-9.331 6.664zM23.335 31.999c-0.113 0-0.227-0.028-0.328-0.085l-8.073-4.579c-1.344 0.44-2.776 0.664-4.265 0.664-5.881 0-10.667-3.587-10.667-8s4.785-8 10.667-8c2.559 0 5.028 0.688 6.961 1.929 0.308 0.197 0.399 0.612 0.197 0.921-0.201 0.308-0.615 0.399-0.921 0.196-1.716-1.107-3.932-1.719-6.237-1.719-5.145 0-9.333 2.992-9.333 6.667 0 3.677 4.188 6.667 9.333 6.667 1.444 0 2.828-0.229 4.112-0.687 0.183-0.063 0.384-0.047 0.551 0.049l6.496 3.684-2.879-6.060c-0.116-0.247-0.072-0.528 0.099-0.724 0.633-0.917 0.955-1.901 0.955-2.928 0-1.208-0.467-2.396-1.344-3.435-0.24-0.281-0.204-0.7 0.077-0.937 0.283-0.239 0.701-0.203 0.939 0.079 1.085 1.281 1.661 2.765 1.661 4.297 0 1.189-0.352 2.361-1.021 3.424l3.623 7.623c0.125 0.26 0.065 0.579-0.147 0.773-0.127 0.117-0.291 0.18-0.455 0.18z\"><\/path>\n        <\/svg><\/span><\/span><\/i><\/a>\n\t\t<\/div> \n\t<\/div>\n\t<\/div> \n<\/div><\/div>\n\t\t\t<\/div> \n\t\t<\/div>\n\t<\/div> \n<\/div><\/div>","protected":false},"excerpt":{"rendered":"\u00c9conomisez davantage avec Appliance Technician Appliance Technician a mis \u00e0 jour ses offres afin de proposer davantage d'\u00e9conomies sur les r\u00e9parations d'appareils \u00e9lectrom\u00e9nagers. Ils offrent d\u00e9sormais un appel de service gratuit pour toute r\u00e9paration, une r\u00e9duction de $30 sur toute r\u00e9paration effectu\u00e9e aujourd'hui, une \u00e9conomie de $50 sur votre troisi\u00e8me r\u00e9paration, et une r\u00e9duction de 10% pour les clients r\u00e9guliers. Ces offres visent \u00e0 rendre les services de r\u00e9paration professionnels encore plus...","protected":false},"author":1,"featured_media":30740,"parent":0,"menu_order":0,"comment_status":"closed","ping_status":"closed","template":"","meta":{"footnotes":""},"class_list":["post-450","page","type-page","status-publish","has-post-thumbnail"],"_links":{"self":[{"href":"https:\/\/appliancetechnician.ca\/fr\/wp-json\/wp\/v2\/pages\/450","targetHints":{"allow":["GET"]}}],"collection":[{"href":"https:\/\/appliancetechnician.ca\/fr\/wp-json\/wp\/v2\/pages"}],"about":[{"href":"https:\/\/appliancetechnician.ca\/fr\/wp-json\/wp\/v2\/types\/page"}],"author":[{"embeddable":true,"href":"https:\/\/appliancetechnician.ca\/fr\/wp-json\/wp\/v2\/users\/1"}],"replies":[{"embeddable":true,"href":"https:\/\/appliancetechnician.ca\/fr\/wp-json\/wp\/v2\/comments?post=450"}],"version-history":[{"count":0,"href":"https:\/\/appliancetechnician.ca\/fr\/wp-json\/wp\/v2\/pages\/450\/revisions"}],"wp:featuredmedia":[{"embeddable":true,"href":"https:\/\/appliancetechnician.ca\/fr\/wp-json\/wp\/v2\/media\/30740"}],"wp:attachment":[{"href":"https:\/\/appliancetechnician.ca\/fr\/wp-json\/wp\/v2\/media?parent=450"}],"curies":[{"name":"wp","href":"https:\/\/api.w.org\/{rel}","templated":true}]}}